{"id":42836,"date":"2023-09-07T07:19:06","date_gmt":"2023-09-07T07:19:06","guid":{"rendered":"https:\/\/www.neverlandproperties.com\/?page_id=42836"},"modified":"2026-02-26T16:07:50","modified_gmt":"2026-02-26T15:07:50","slug":"villas-de-prestige","status":"publish","type":"page","link":"https:\/\/www.neverlandproperties.com\/fr\/locations-ibiza\/villas-de-prestige\/","title":{"rendered":"Les Villas les Plus Exclusives d\u2019Ibiza"},"content":{"rendered":"\t\t<div data-elementor-type=\"wp-page\" data-elementor-id=\"42836\" class=\"elementor elementor-42836 elementor-39502\" data-elementor-post-type=\"page\">\n\t\t\t\t\t\t<section class=\"elementor-section elementor-top-section elementor-element elementor-element-8768f44 elementor-section-boxed elementor-section-height-default elementor-section-height-default\" data-id=\"8768f44\" data-element_type=\"section\" data-e-type=\"section\">\n\t\t\t\t\t\t<div class=\"elementor-container elementor-column-gap-default\">\n\t\t\t\t\t<div class=\"elementor-column elementor-col-100 elementor-top-column elementor-element elementor-element-f710125\" data-id=\"f710125\" data-element_type=\"column\" data-e-type=\"column\">\n\t\t\t<div class=\"elementor-widget-wrap elementor-element-populated\">\n\t\t\t\t\t\t<div class=\"elementor-element elementor-element-2e7fbb4 elementor-widget elementor-widget-text-editor\" data-id=\"2e7fbb4\" data-element_type=\"widget\" data-e-type=\"widget\" data-widget_type=\"text-editor.default\">\n\t\t\t\t<div class=\"elementor-widget-container\">\n\t\t\t\t\t\t\t\t\t<div class=\"collection-description\" style=\"color: #000000;\">\n    <p style=\"font-size: 1.05em; line-height: 1.5; margin-bottom: 15px; color: #000000;\">\n        Pour ceux qui accordent de la valeur \u00e0 ce qu&#8217;aucune photographie ne peut saisir : la qualit\u00e9 de la lumi\u00e8re, le silence absolu, le soin apport\u00e9 \u00e0 chaque d\u00e9tail. Notre collection la plus exclusive r\u00e9unit des propri\u00e9t\u00e9s choisies pour ceux qui recherchent l&#8217;intimit\u00e9, l&#8217;architecture de caract\u00e8re et une certaine id\u00e9e du luxe, celle qui se vit dans l&#8217;espace et dans le silence. En tant qu&#8217;agence agr\u00e9\u00e9e (CR-0085-E), nous veillons \u00e0 ce que ces demeures d&#8217;exception soient g\u00e9r\u00e9es avec la plus grande discr\u00e9tion et le plus grand professionnalisme.\n    <\/p>\n\n    <div id=\"read-more-content\" style=\"display: none; color: #000000;\">\n        <p style=\"margin-bottom: 15px; color: #000000;\">\n            Certaines propri\u00e9t\u00e9s appartiennent simplement \u00e0 une autre conversation. Pas plus ostensibles. Plus justes. Le mobilier a une provenance. L&#8217;architecture a un auteur. Le silence n&#8217;est pas le fruit du hasard. Il est la cons\u00e9quence de l&#8217;emplacement, de la mani\u00e8re dont la maison a \u00e9t\u00e9 construite, et de ceux qui ont choisi d&#8217;y revenir. Quelques exemples de la collection : Sa Cova, suspendue au-dessus de la mer avec son propre embarcad\u00e8re taill\u00e9 dans la falaise, et des mat\u00e9riaux qui se r\u00e9v\u00e8lent au fil des jours. Villa Wave, dont le niveau de finition rend toute description superflue. Villa Mar, dont les int\u00e9rieurs portent la signature de maisons de design premium sans jamais en faire l&#8217;annonce. Villa Sa Calma, minimaliste jusqu&#8217;\u00e0 l&#8217;\u00e9vidence, avec des vues qui rendent tout le reste secondaire. Et Isla Sa Ferradura, \u00eele priv\u00e9e dans la baie de Sant Miquel, accessible par bateau ou par route, \u00e9lue meilleure villa priv\u00e9e d&#8217;Europe, et g\u00e9r\u00e9e avec la rigueur d&#8217;une op\u00e9ration cinq \u00e9toiles.\n        <\/p>\n\n        <p style=\"margin-bottom: 15px; color: #000000;\">\n            Il y a un client pour qui ce niveau est le seul qui ait du sens. Il n&#8217;a pas besoin d&#8217;une liste. Il a besoin de savoir que quelqu&#8217;un est entr\u00e9 dans la propri\u00e9t\u00e9, conna\u00eet le propri\u00e9taire personnellement, et comprend exactement ce que ce type de s\u00e9jour exige. Service de conciergerie Housepitality inclus.\n        <\/p>\n\n        <small style=\"color: #000000;\">Licence enregistr\u00e9e CR-0085-E. Depuis 2015.<\/small>\n    <\/div>\n\n    <p id=\"read-more-trigger\" style=\"cursor: pointer; text-decoration: underline; font-weight: bold; margin-top: 10px; color: #004a80;\">Lire la description compl\u00e8te<\/p>\n<\/div>\n\n<script>\ndocument.getElementById('read-more-trigger').onclick = function() {\n    var content = document.getElementById('read-more-content');\n    if (content.style.display === \"none\") {\n        content.style.display = \"block\";\n        this.innerHTML = \"Lire moins\";\n    } else {\n        content.style.display = \"none\";\n        this.innerHTML = \"Lire la description compl\u00e8te\";\n    }\n};\n<\/script>\t\t\t\t\t\t\t\t<\/div>\n\t\t\t\t<\/div>\n\t\t\t\t\t<\/div>\n\t\t<\/div>\n\t\t\t\t\t<\/div>\n\t\t<\/section>\n\t\t\t\t<\/div>\n\t\t","protected":false},"excerpt":{"rendered":"<p>Pour ceux qui accordent de la valeur \u00e0 ce qu&#8217;aucune photographie ne peut saisir : la qualit\u00e9 de la lumi\u00e8re, le silence absolu, le soin apport\u00e9 \u00e0 chaque d\u00e9tail. Notre collection la plus exclusive r\u00e9unit des propri\u00e9t\u00e9s choisies pour ceux qui recherchent l&#8217;intimit\u00e9, l&#8217;architecture de caract\u00e8re et une certaine id\u00e9e du luxe, celle qui se &#8230;<\/p>\n","protected":false},"author":1,"featured_media":51030,"parent":34983,"menu_order":0,"comment_status":"closed","ping_status":"closed","template":"property_list.php","meta":{"_acf_changed":false,"rs_blank_template":"","rs_page_bg_color":"","slide_template_v7":"","footnotes":""},"class_list":["post-42836","page","type-page","status-publish","has-post-thumbnail","hentry"],"acf":[],"aioseo_notices":[],"_links":{"self":[{"href":"https:\/\/www.neverlandproperties.com\/fr\/wp-json\/wp\/v2\/pages\/42836","targetHints":{"allow":["GET"]}}],"collection":[{"href":"https:\/\/www.neverlandproperties.com\/fr\/wp-json\/wp\/v2\/pages"}],"about":[{"href":"https:\/\/www.neverlandproperties.com\/fr\/wp-json\/wp\/v2\/types\/page"}],"author":[{"embeddable":true,"href":"https:\/\/www.neverlandproperties.com\/fr\/wp-json\/wp\/v2\/users\/1"}],"replies":[{"embeddable":true,"href":"https:\/\/www.neverlandproperties.com\/fr\/wp-json\/wp\/v2\/comments?post=42836"}],"version-history":[{"count":3,"href":"https:\/\/www.neverlandproperties.com\/fr\/wp-json\/wp\/v2\/pages\/42836\/revisions"}],"predecessor-version":[{"id":64445,"href":"https:\/\/www.neverlandproperties.com\/fr\/wp-json\/wp\/v2\/pages\/42836\/revisions\/64445"}],"up":[{"embeddable":true,"href":"https:\/\/www.neverlandproperties.com\/fr\/wp-json\/wp\/v2\/pages\/34983"}],"wp:featuredmedia":[{"embeddable":true,"href":"https:\/\/www.neverlandproperties.com\/fr\/wp-json\/wp\/v2\/media\/51030"}],"wp:attachment":[{"href":"https:\/\/www.neverlandproperties.com\/fr\/wp-json\/wp\/v2\/media?parent=42836"}],"curies":[{"name":"wp","href":"https:\/\/api.w.org\/{rel}","templated":true}]}}