{"id":34983,"date":"2015-04-16T11:28:52","date_gmt":"2015-04-16T11:28:52","guid":{"rendered":"https:\/\/www.neverlandproperties.com\/rentals-ibiza\/"},"modified":"2026-03-06T14:21:11","modified_gmt":"2026-03-06T13:21:11","slug":"locations-ibiza","status":"publish","type":"page","link":"https:\/\/www.neverlandproperties.com\/fr\/locations-ibiza\/","title":{"rendered":"Locations de villas \u00e0 Ibiza et Formentera \/ \u00c2me locale &amp; \u00e9l\u00e9gance discr\u00e8te"},"content":{"rendered":"\t\t<div data-elementor-type=\"wp-page\" data-elementor-id=\"34983\" class=\"elementor elementor-34983 elementor-153\" data-elementor-post-type=\"page\">\n\t\t\t\t\t\t<section class=\"elementor-section elementor-top-section elementor-element elementor-element-6ca106b elementor-section-boxed elementor-section-height-default elementor-section-height-default\" data-id=\"6ca106b\" data-element_type=\"section\" data-e-type=\"section\">\n\t\t\t\t\t\t<div class=\"elementor-container elementor-column-gap-default\">\n\t\t\t\t\t<div class=\"elementor-column elementor-col-100 elementor-top-column elementor-element elementor-element-5e75eec\" data-id=\"5e75eec\" data-element_type=\"column\" data-e-type=\"column\">\n\t\t\t<div class=\"elementor-widget-wrap elementor-element-populated\">\n\t\t\t\t\t\t<div class=\"elementor-element elementor-element-cd52773 elementor-widget elementor-widget-Wprentals_Advanced_Search\" data-id=\"cd52773\" data-element_type=\"widget\" data-e-type=\"widget\" data-widget_type=\"Wprentals_Advanced_Search.default\">\n\t\t\t\t<div class=\"elementor-widget-container\">\n\t\t\t\t\t<input type='hidden' name='lang' value='fr' \/><div class=\"advanced_search_shortcode\"><h2 class=\"shortcode_title_adv\"><\/h2><div class=\"adv-search-3    34983 advanced_search_form_wrapper\"  data-postid=\"34983\"><form role=\"search\" method=\"get\"   action=\"https:\/\/www.neverlandproperties.com\/fr\/recherche-avancee\/\" ><div class=\" col-md-3 Arriv\u00e9e  \"><i class=\"custom_icon_class_icon far fa-calendar-alt\"><\/i><input type=\"text\"    id=\"check_in_shortcode\"  name=\"check_in\" placeholder=\"Arriv\u00e9e\"  class=\"advanced_select form-control custom_icon_class_input\" value=\"\" \/><\/div><div class=\" col-md-3 Check-out  \"><i class=\"custom_icon_class_icon far fa-calendar-alt\"><\/i><input type=\"text\"    id=\"check_out_shortcode\"  name=\"check_out\" placeholder=\"D\u00e9part\"  class=\"advanced_select form-control custom_icon_class_input\" value=\"\" \/><\/div><div class=\" col-md-3 Chambres  \"><i class=\"custom_icon_class_icon fas fa-bed\"><\/i><div class=\"dropdown custom_icon_class  form-control \"> <div data-toggle=\"dropdown\" id=\"property_bedrooms_toogle\" class=\" filter_menu_trigger  \"   data-value=\"\">Chambres\r\n                <span class=\"caret  caret_filter \"><\/span>\r\n                <\/div> <input type=\"hidden\" name=\"property_bedrooms\" id=\"property_bedrooms\" value=\"\">\r\n                    <ul  class=\"dropdown-menu filter_menu\" role=\"menu\" aria-labelledby=\"property_bedrooms_toogle\">\r\n                         <li role=\"presentation\" data-value=\"all\">Chambres<\/li><li data-value=\"1\"  value=\"1\">1<\/li><li data-value=\"2\"  value=\"2\">2<\/li><li data-value=\"3\"  value=\"3\">3<\/li><li data-value=\"4\"  value=\"4\">4<\/li><li data-value=\"5\"  value=\"5\">5<\/li><li data-value=\"6\"  value=\"6\">6<\/li><li data-value=\"7\"  value=\"7\">7<\/li><li data-value=\"8\"  value=\"8\">8<\/li><li data-value=\"9\"  value=\"9\">9<\/li><li data-value=\"10\"  value=\"10\">10<\/li>\r\n                    <\/ul>\r\n                <\/div><\/div><div class=\" col-md-3 Collections  \"><i class=\"custom_icon_class_icon fas fa-bars\"><\/i><div class=\"dropdown custom_icon_class  form-control \"> <div data-toggle=\"dropdown\" id=\"property_category_toogle\" class=\" filter_menu_trigger  \"   data-value=\"\">Collections\r\n                <span class=\"caret  caret_filter \"><\/span>\r\n                <\/div> <input type=\"hidden\" name=\"property_category\" id=\"property_category\" value=\"\">\r\n                    <ul  class=\"dropdown-menu filter_menu\" role=\"menu\" aria-labelledby=\"property_category_toogle\">\r\n                         <li role=\"presentation\" data-value=\"all\">Tous les types<\/li><li role=\"presentation\" data-value=\"fincas-maisons-de-campagne\">Fincas, Maisons De Campagne (26)<\/li><li role=\"presentation\" data-value=\"premiere-page\">Premiere Page (6)<\/li><li role=\"presentation\" data-value=\"residence-privee-securisee\">R\u00e9sidence Priv\u00e9e S\u00e9curis\u00e9e (8)<\/li><li role=\"presentation\" data-value=\"villa-de-luxe\">Villa De Luxe (62)<\/li><li role=\"presentation\" data-value=\"villas-bien-etre\">Villas Bien-\u00eatre (23)<\/li><li role=\"presentation\" data-value=\"villas-en-prime-location\">Villas En Prime Location (19)<\/li><li role=\"presentation\" data-value=\"villas-exclusives\">Villas Exclusives (13)<\/li><li role=\"presentation\" data-value=\"villas-pour-evenement-mariage\">Villas Pour \u00e9v\u00e9nement, Mariage (11)<\/li><li role=\"presentation\" data-value=\"villas-pour-les-familles\">Villas Pour Les Familles (36)<\/li><li role=\"presentation\" data-value=\"villas-pour-shooting\">Villas Pour Shooting (12)<\/li><li role=\"presentation\" data-value=\"villas-retraite-yoga-wellness\">Villas Retraite Yoga &amp; Wellness (9)<\/li><li role=\"presentation\" data-value=\"villas-vue-mer\">Villas Vue Mer (37)<\/li>\r\n                    <\/ul>\r\n                <\/div><\/div><div class=\" col-md-3 Zones  \"><i class=\"custom_icon_class_icon fas fa-bars\"><\/i><div class=\"dropdown custom_icon_class  form-control \"> <div data-toggle=\"dropdown\" id=\"property_city_toogle\" class=\" filter_menu_trigger  \"   data-value=\"\">Zones\r\n                <span class=\"caret  caret_filter \"><\/span>\r\n                <\/div> <input type=\"hidden\" name=\"property_city\" id=\"property_city\" value=\"\">\r\n                    <ul  class=\"dropdown-menu filter_menu\" role=\"menu\" aria-labelledby=\"property_city_toogle\">\r\n                         <li role=\"presentation\" data-value=\"all\">Toutes les villes<\/li><li role=\"presentation\" data-value=\"formentera-fr\">Formentera (6)<\/li><li role=\"presentation\" data-value=\"ibiza-ville\">Ibiza Ville (6)<\/li><li role=\"presentation\" data-value=\"san-antonio-fr\">San Antonio (8)<\/li><li role=\"presentation\" data-value=\"san-jose-fr\">San Jos\u00e9 (39)<\/li><li role=\"presentation\" data-value=\"san-juan-fr\">San Juan (7)<\/li><li role=\"presentation\" data-value=\"santa-eulalia\">Santa Eulalia (21)<\/li>\r\n                    <\/ul>\r\n                <\/div><\/div><div class=\" col-md-3 Nbre_d&#039;h\u00f4tes  \"><i class=\"custom_icon_class_icon fas fa-user-plus\"><\/i><div class=\"dropdown custom_icon_class  form-control \"> <div data-toggle=\"dropdown\" id=\"guest_no_toogle\" class=\" filter_menu_trigger  \"   data-value=\"\">Nbre d'h\u00f4tes\r\n                <span class=\"caret  caret_filter \"><\/span>\r\n                <\/div> <input type=\"hidden\" name=\"guest_no\" id=\"guest_no\" value=\"\">\r\n                    <ul  class=\"dropdown-menu filter_menu\" role=\"menu\" aria-labelledby=\"guest_no_toogle\">\r\n                         <li role=\"presentation\" data-value=\"all\">Nbre d&#039;h\u00f4tes<\/li><li data-value=\"1\"  value=\"1\">1<\/li><li data-value=\"2\"  value=\"2\">2<\/li><li data-value=\"3\"  value=\"3\">3<\/li><li data-value=\"4\"  value=\"4\">4<\/li><li data-value=\"5\"  value=\"5\">5<\/li><li data-value=\"6\"  value=\"6\">6<\/li><li data-value=\"7\"  value=\"7\">7<\/li><li data-value=\"8\"  value=\"8\">8<\/li><li data-value=\"9\"  value=\"9\">9<\/li><li data-value=\"10\"  value=\"10\">10<\/li><li data-value=\"11\"  value=\"11\">11<\/li><li data-value=\"12\"  value=\"12\">12<\/li><li data-value=\"13\"  value=\"13\">13<\/li><li data-value=\"14\"  value=\"14\">14<\/li><li data-value=\"15\"  value=\"15\">15<\/li><li data-value=\"16\"  value=\"16\">16<\/li><li data-value=\"17\"  value=\"17\">17<\/li><li data-value=\"18\"  value=\"18\">18<\/li><li data-value=\"19\"  value=\"19\">19<\/li><li data-value=\"20\"  value=\"20\">20<\/li>\r\n                    <\/ul>\r\n                <\/div><\/div><input type=\"hidden\" id=\"wpestate_regular_search_nonce\" name=\"wpestate_regular_search_nonce\" value=\"9eece2d808\" \/><input type=\"hidden\" name=\"_wp_http_referer\" value=\"\/fr\/wp-json\/wp\/v2\/pages\/34983\" \/><div class=\"col-md-3\" ><input name=\"submit\" type=\"submit\" class=\"advanced_search_submit_button \"  value=\"Recherche\"><\/div><\/form><\/div><\/div>\t\t\t\t<\/div>\n\t\t\t\t<\/div>\n\t\t\t\t\t<\/div>\n\t\t<\/div>\n\t\t\t\t\t<\/div>\n\t\t<\/section>\n\t\t\t\t<section class=\"elementor-section elementor-top-section elementor-element elementor-element-b0d5f55 elementor-section-boxed elementor-section-height-default elementor-section-height-default\" data-id=\"b0d5f55\" data-element_type=\"section\" data-e-type=\"section\">\n\t\t\t\t\t\t<div class=\"elementor-container elementor-column-gap-default\">\n\t\t\t\t\t<div class=\"elementor-column elementor-col-100 elementor-top-column elementor-element elementor-element-cf6a276\" data-id=\"cf6a276\" data-element_type=\"column\" data-e-type=\"column\">\n\t\t\t<div class=\"elementor-widget-wrap elementor-element-populated\">\n\t\t\t\t\t\t<div class=\"elementor-element elementor-element-80e761d elementor-widget elementor-widget-text-editor\" data-id=\"80e761d\" data-element_type=\"widget\" data-e-type=\"widget\" data-widget_type=\"text-editor.default\">\n\t\t\t\t<div class=\"elementor-widget-container\">\n\t\t\t\t\t\t\t\t\t<div class=\"collection-description-container\" style=\"font-family: inherit; color: #000000;\">\n\n<p style=\"font-size: 1.1em; font-weight: normal; margin-bottom: 15px; line-height: 1.4;\">Chaque villa de cette collection dispose d&#8217;une licence touristique en cours de validit\u00e9. Ce n&#8217;est pas un d\u00e9tail. C&#8217;est le point de d\u00e9part: conformit\u00e9 l\u00e9gale, responsabilit\u00e9 du propri\u00e9taire, et la certitude que ce qui est pr\u00e9sent\u00e9 est exactement ce qui existe.<\/p>\n\n<details id=\"details-allrentals-fr\">\n<summary style=\"color: #002366; cursor: pointer; font-weight: bold; list-style: none; text-decoration: underline; outline: none;\">Lire la description compl\u00e8te<\/summary>\n<div class=\"full-description-content\" style=\"margin-top: 25px;\">\n\n<h3 style=\"font-size: 1em; font-weight: bold; margin-bottom: 10px; margin-top: 20px;\">Une s\u00e9lection exigeante. Sans compromis.<\/h3>\n<p style=\"line-height: 1.1; margin-bottom: 15px;\">Chaque villa \u00e0 Ibiza dans ce portfolio dispose d&#8217;une piscine priv\u00e9e. Sans exception. \u00c0 Formentera, o\u00f9 le littoral lui-m\u00eame tient souvent lieu de piscine, quelques propri\u00e9t\u00e9s sans piscine sont incluses lorsque leur emplacement et leur caract\u00e8re le justifient pleinement.<\/p>\n<p style=\"line-height: 1.1; margin-bottom: 15px;\">Le portfolio est majoritairement haut de gamme. Environ neuf propri\u00e9t\u00e9s sur dix se situent dans la tranche sup\u00e9rieure du march\u00e9 en termes de design, de finitions et de cadre. Les autres trouvent leur place pour une raison pr\u00e9cise: un emplacement genuinement rare, un caract\u00e8re irr\u00e9ductible, ou une combinaison de qualit\u00e9s qui les distingue du march\u00e9 locatif ordinaire, quel que soit leur prix.<\/p>\n\n<h3 style=\"font-size: 1em; font-weight: bold; margin-bottom: 10px; margin-top: 20px;\">Chaque propri\u00e9t\u00e9 visit\u00e9e en personne. Sans exception.<\/h3>\n<p style=\"line-height: 1.1; margin-bottom: 15px;\">L&#8217;essor des images g\u00e9n\u00e9r\u00e9es par intelligence artificielle et des photographies retouch\u00e9es \u00e0 l&#8217;exc\u00e8s a rendu tr\u00e8s difficile l&#8217;\u00e9valuation r\u00e9elle d&#8217;une villa avant d&#8217;y arriver. Des propri\u00e9t\u00e9s qui se pr\u00e9sentent en photo comme des \u0153uvres d&#8217;architecture peuvent se r\u00e9v\u00e9ler, \u00e0 l&#8217;arriv\u00e9e, consid\u00e9rablement plus ordinaires. L&#8217;\u00e9cart entre l&#8217;attente et la r\u00e9alit\u00e9 se creuse. Et il se creuse vite.<\/p>\n<p style=\"line-height: 1.1; margin-bottom: 15px;\">Chaque propri\u00e9t\u00e9 de ce portfolio a \u00e9t\u00e9 visit\u00e9e en personne par notre \u00e9quipe. Pas \u00e9valu\u00e9e sur photographies. Pas jug\u00e9e \u00e0 travers une visite virtuelle. Pas r\u00e9f\u00e9renc\u00e9e sur la base d&#8217;une description du propri\u00e9taire. Vue, parcourue et appr\u00e9ci\u00e9e selon le m\u00eame crit\u00e8re que nous appliquons \u00e0 chaque autre propri\u00e9t\u00e9 de la collection. Si elle n&#8217;a pas pass\u00e9 cette visite, elle n&#8217;est pas ici. Ce n&#8217;est pas un argument commercial. C&#8217;est simplement la seule fa\u00e7on que nous connaissons de faire ce m\u00e9tier.<\/p>\n\n<h3 style=\"font-size: 1em; font-weight: bold; margin-bottom: 10px; margin-top: 20px;\">Deux \u00eeles, une seule exigence<\/h3>\n<p style=\"line-height: 1.1; margin-bottom: 15px;\">Ibiza et Formentera partagent un littoral mais offrent des exp\u00e9riences fondamentalement diff\u00e9rentes. Ibiza a l&#8217;\u00e9chelle, la diversit\u00e9 et l&#8217;infrastructure. Un portfolio complet, des fincas rurales du nord aux propri\u00e9t\u00e9s contemporaines dominant la c\u00f4te sud. Formentera n&#8217;a rien de tout cela, et c&#8217;est pr\u00e9cis\u00e9ment sa valeur: moins de villas, moins de passage, un autre rythme. Les deux \u00eeles sont repr\u00e9sent\u00e9es ici selon le m\u00eame standard de s\u00e9lection.<\/p>\n\n<h3 style=\"font-size: 1em; font-weight: bold; margin-bottom: 10px; margin-top: 20px;\">Par o\u00f9 commencer<\/h3>\n<p style=\"line-height: 1.1; margin-bottom: 15px;\">Le portfolio complet peut \u00eatre explor\u00e9 par collection ou par zone g\u00e9ographique. Fincas traditionnelles, villas de luxe, propri\u00e9t\u00e9s en premi\u00e8re ligne, villas avec vue sur mer, maisons familiales, lieux pour \u00e9v\u00e9nements. Par municipalit\u00e9: San Jos\u00e9, Santa Eulalia, San Juan, San Antonio, Ibiza Town. Chaque zone a son propre caract\u00e8re. Les collections sont pens\u00e9es pour aider \u00e0 trouver la bonne maison. Pas simplement une maison disponible.<\/p>\n\n<h3 style=\"font-size: 1em; font-weight: bold; margin-bottom: 10px; margin-top: 20px;\">Ce que comprend chaque s\u00e9jour<\/h3>\n<p style=\"line-height: 1.1; margin-bottom: 15px;\">Chaque r\u00e9servation inclut notre service de concierge Housepitality. Les d\u00e9tails pratiques r\u00e9gl\u00e9s avant l&#8217;arriv\u00e9e. Ceux qui g\u00e8rent chaque r\u00e9servation connaissent l&#8217;\u00eele et sont entr\u00e9s dans chaque propri\u00e9t\u00e9. C&#8217;est ainsi que nous travaillons depuis 2015.<\/p>\n\n<p style=\"color: #002366; cursor: pointer; font-weight: bold; text-decoration: underline; margin-top: 20px;\" onclick=\"document.getElementById('details-allrentals-fr').removeAttribute('open')\">Lire moins<\/p>\n<p style=\"font-size: 0.8em; margin-top: 40px; color: #333; border-top: 1px solid #eee; padding-top: 10px;\">\u00a9 Neverland Properties, 2026. Contenu \u00e9ditorial original. Tous droits r\u00e9serv\u00e9s.<\/p>\n<\/div>\n<\/details>\n<\/div>\t\t\t\t\t\t\t\t<\/div>\n\t\t\t\t<\/div>\n\t\t\t\t\t<\/div>\n\t\t<\/div>\n\t\t\t\t\t<\/div>\n\t\t<\/section>\n\t\t\t\t<\/div>\n\t\t","protected":false},"excerpt":{"rendered":"<p>Bedrooms Bedrooms 1 2 3 4 5 6 7 8 9 10 Collections All Types Condos (8) Exclusive Villas (14) Family-friendly Villas (37) Farmhouses, Fincas (26) Luxury Villas (63) Portada Inicio (7) Prime Location Villas (19) Sea View Villas (37) Villas For Retreats (8) Villas For Shooting (13) Wedding Villas (12) Wellbeing Villas (24) Zones &#8230;<\/p>\n","protected":false},"author":1,"featured_media":55004,"parent":0,"menu_order":0,"comment_status":"closed","ping_status":"closed","template":"property_list.php","meta":{"_acf_changed":false,"rs_blank_template":"","rs_page_bg_color":"","slide_template_v7":"","footnotes":""},"class_list":["post-34983","page","type-page","status-publish","has-post-thumbnail","hentry"],"acf":[],"aioseo_notices":[],"_links":{"self":[{"href":"https:\/\/www.neverlandproperties.com\/fr\/wp-json\/wp\/v2\/pages\/34983","targetHints":{"allow":["GET"]}}],"collection":[{"href":"https:\/\/www.neverlandproperties.com\/fr\/wp-json\/wp\/v2\/pages"}],"about":[{"href":"https:\/\/www.neverlandproperties.com\/fr\/wp-json\/wp\/v2\/types\/page"}],"author":[{"embeddable":true,"href":"https:\/\/www.neverlandproperties.com\/fr\/wp-json\/wp\/v2\/users\/1"}],"replies":[{"embeddable":true,"href":"https:\/\/www.neverlandproperties.com\/fr\/wp-json\/wp\/v2\/comments?post=34983"}],"version-history":[{"count":10,"href":"https:\/\/www.neverlandproperties.com\/fr\/wp-json\/wp\/v2\/pages\/34983\/revisions"}],"predecessor-version":[{"id":64645,"href":"https:\/\/www.neverlandproperties.com\/fr\/wp-json\/wp\/v2\/pages\/34983\/revisions\/64645"}],"wp:featuredmedia":[{"embeddable":true,"href":"https:\/\/www.neverlandproperties.com\/fr\/wp-json\/wp\/v2\/media\/55004"}],"wp:attachment":[{"href":"https:\/\/www.neverlandproperties.com\/fr\/wp-json\/wp\/v2\/media?parent=34983"}],"curies":[{"name":"wp","href":"https:\/\/api.w.org\/{rel}","templated":true}]}}