{"id":34533,"date":"2022-09-08T12:57:35","date_gmt":"2022-09-08T12:57:35","guid":{"rendered":"https:\/\/www.neverlandproperties.com\/concierge\/"},"modified":"2025-11-17T11:36:09","modified_gmt":"2025-11-17T10:36:09","slug":"concierge","status":"publish","type":"page","link":"https:\/\/www.neverlandproperties.com\/fr\/concierge\/","title":{"rendered":"Housepitality"},"content":{"rendered":"\t\t<div data-elementor-type=\"wp-page\" data-elementor-id=\"34533\" class=\"elementor elementor-34533 elementor-2\" data-elementor-post-type=\"page\">\n\t\t\t\t\t\t<section class=\"elementor-section elementor-top-section elementor-element elementor-element-59772e19 elementor-section-boxed elementor-section-height-default elementor-section-height-default\" data-id=\"59772e19\" data-element_type=\"section\" data-e-type=\"section\">\n\t\t\t\t\t\t<div class=\"elementor-container elementor-column-gap-default\">\n\t\t\t\t\t<div class=\"elementor-column elementor-col-100 elementor-top-column elementor-element elementor-element-6da42ebf\" data-id=\"6da42ebf\" data-element_type=\"column\" data-e-type=\"column\">\n\t\t\t<div class=\"elementor-widget-wrap elementor-element-populated\">\n\t\t\t\t\t\t<div class=\"elementor-element elementor-element-5f03fcf0 elementor-widget elementor-widget-text-editor\" data-id=\"5f03fcf0\" data-element_type=\"widget\" data-e-type=\"widget\" data-widget_type=\"text-editor.default\">\n\t\t\t\t<div class=\"elementor-widget-container\">\n\t\t\t\t\t\t\t\t\t<h3><span style=\"color: #333333;\">Neverland Properties vous propose des locations de vacances sur mesure \u00e0 Ibiza, offrant plus d\u2019une centaine de villas et de propri\u00e9t\u00e9s personnellement s\u00e9lectionn\u00e9es et inspect\u00e9es, avec un oeil critique, en veillant \u00e0 ce que nos clients se voient offrir les meilleures options, car sur Internet et les r\u00e9seaux sociaux \u00ab Tout ce qui brille n\u2019est pas or \u00bb.<\/span><\/h3><h3><span style=\"color: #333333;\">En tant qu\u2019agence locale de location de villas, Neverland Properties inclus \u00e0 ses clients nos services gratuits de \u00ab Housepitality \u00bb, ainsi que notre expertise pour vous aider \u00e0 trouver votre villa de luxe parfaite, que ce soit une villa moderne vue sur la mer ou une \u00e9l\u00e9gante finca plus isol\u00e9e dans la campagne.<\/span><\/h3>\t\t\t\t\t\t\t\t<\/div>\n\t\t\t\t<\/div>\n\t\t\t\t\t<\/div>\n\t\t<\/div>\n\t\t\t\t\t<\/div>\n\t\t<\/section>\n\t\t\t\t<section class=\"elementor-section elementor-top-section elementor-element elementor-element-6ad570f elementor-section-boxed elementor-section-height-default elementor-section-height-default\" data-id=\"6ad570f\" data-element_type=\"section\" data-e-type=\"section\">\n\t\t\t\t\t\t<div class=\"elementor-container elementor-column-gap-default\">\n\t\t\t\t\t<div class=\"elementor-column elementor-col-100 elementor-top-column elementor-element elementor-element-c73cc84\" data-id=\"c73cc84\" data-element_type=\"column\" data-e-type=\"column\">\n\t\t\t<div class=\"elementor-widget-wrap elementor-element-populated\">\n\t\t\t\t\t\t<div class=\"elementor-element elementor-element-986d9ef elementor-skin-carousel elementor-arrows-yes elementor-pagination-type-bullets elementor-pagination-position-outside elementor-widget elementor-widget-media-carousel\" data-id=\"986d9ef\" data-element_type=\"widget\" data-e-type=\"widget\" data-settings=\"{&quot;skin&quot;:&quot;carousel&quot;,&quot;effect&quot;:&quot;slide&quot;,&quot;show_arrows&quot;:&quot;yes&quot;,&quot;pagination&quot;:&quot;bullets&quot;,&quot;speed&quot;:500,&quot;autoplay&quot;:&quot;yes&quot;,&quot;autoplay_speed&quot;:5000,&quot;loop&quot;:&quot;yes&quot;,&quot;pause_on_hover&quot;:&quot;yes&quot;,&quot;pause_on_interaction&quot;:&quot;yes&quot;,&quot;space_between&quot;:{&quot;unit&quot;:&quot;px&quot;,&quot;size&quot;:10,&quot;sizes&quot;:[]},&quot;space_between_tablet&quot;:{&quot;unit&quot;:&quot;px&quot;,&quot;size&quot;:10,&quot;sizes&quot;:[]},&quot;space_between_mobile&quot;:{&quot;unit&quot;:&quot;px&quot;,&quot;size&quot;:10,&quot;sizes&quot;:[]}}\" data-widget_type=\"media-carousel.default\">\n\t\t\t\t<div class=\"elementor-widget-container\">\n\t\t\t\t\t\t\t\t\t<div class=\"elementor-swiper\">\n\t\t\t\t\t<div class=\"elementor-main-swiper swiper\" role=\"region\" aria-roledescription=\"carousel\" aria-label=\"Slides\">\n\t\t\t\t<div class=\"swiper-wrapper\">\n\t\t\t\t\t\t\t\t\t\t\t<div class=\"swiper-slide\" role=\"group\" aria-roledescription=\"slide\">\n\t\t\t\t\t\t\t\t\t<div class=\"elementor-carousel-image\" role=\"img\" aria-label=\"We are passionate about creating experiences that inspire, engage and celebrate life.\" style=\"background-image: url(&#039;https:\/\/www.neverlandproperties.com\/wp-content\/uploads\/2025\/04\/private-chef.webp&#039;)\">\n\n\t\t\t\n\t\t\t\t\t<\/div>\n\t\t\t\t\t\t\t\t<\/div>\n\t\t\t\t\t\t\t\t\t\t\t<div class=\"swiper-slide\" role=\"group\" aria-roledescription=\"slide\">\n\t\t\t\t\t\t\t\t\t<div class=\"elementor-carousel-image\" role=\"img\" aria-label=\"Ibiza Luxury Rental Car\" style=\"background-image: url(&#039;https:\/\/www.neverlandproperties.com\/wp-content\/uploads\/2025\/04\/jeep-wrangler-white.webp&#039;)\">\n\n\t\t\t\n\t\t\t\t\t<\/div>\n\t\t\t\t\t\t\t\t<\/div>\n\t\t\t\t\t\t\t\t\t\t\t<div class=\"swiper-slide\" role=\"group\" aria-roledescription=\"slide\">\n\t\t\t\t\t\t\t\t\t<div class=\"elementor-carousel-image\" role=\"img\" aria-label=\"Neverland Properties, Ibiza Real Estate Agency\" style=\"background-image: url(&#039;https:\/\/www.neverlandproperties.com\/wp-content\/uploads\/2025\/04\/Cinema-at-your-home.webp&#039;)\">\n\n\t\t\t\n\t\t\t\t\t<\/div>\n\t\t\t\t\t\t\t\t<\/div>\n\t\t\t\t\t\t\t\t\t\t\t<div class=\"swiper-slide\" role=\"group\" aria-roledescription=\"slide\">\n\t\t\t\t\t\t\t\t\t<div class=\"elementor-carousel-image\" role=\"img\" aria-label=\"Walk in Ibiza\" style=\"background-image: url(&#039;https:\/\/www.neverlandproperties.com\/wp-content\/uploads\/2025\/04\/Walk-in-Ibiza-1.webp&#039;)\">\n\n\t\t\t\n\t\t\t\t\t<\/div>\n\t\t\t\t\t\t\t\t<\/div>\n\t\t\t\t\t\t\t\t\t\t\t<div class=\"swiper-slide\" role=\"group\" aria-roledescription=\"slide\">\n\t\t\t\t\t\t\t\t\t<div class=\"elementor-carousel-image\" role=\"img\" aria-label=\"Neverland Properties to rent in Ibiza\" style=\"background-image: url(&#039;https:\/\/www.neverlandproperties.com\/wp-content\/uploads\/2022\/11\/Peter-Pan-Es-Vedra.jpg&#039;)\">\n\n\t\t\t\n\t\t\t\t\t<\/div>\n\t\t\t\t\t\t\t\t<\/div>\n\t\t\t\t\t\t\t\t\t\t\t<div class=\"swiper-slide\" role=\"group\" aria-roledescription=\"slide\">\n\t\t\t\t\t\t\t\t\t<div class=\"elementor-carousel-image\" role=\"img\" aria-label=\"Concierge Services: boat rentals, Day charter\" style=\"background-image: url(&#039;https:\/\/www.neverlandproperties.com\/wp-content\/uploads\/2025\/04\/Boats.jpg&#039;)\">\n\n\t\t\t\n\t\t\t\t\t<\/div>\n\t\t\t\t\t\t\t\t<\/div>\n\t\t\t\t\t\t\t\t\t\t\t<div class=\"swiper-slide\" role=\"group\" aria-roledescription=\"slide\">\n\t\t\t\t\t\t\t\t\t<div class=\"elementor-carousel-image\" role=\"img\" aria-label=\"Ibiza is a family-friendly destination.\" style=\"background-image: url(&#039;https:\/\/www.neverlandproperties.com\/wp-content\/uploads\/2025\/04\/Travel-with-kids-Ibiza.webp&#039;)\">\n\n\t\t\t\n\t\t\t\t\t<\/div>\n\t\t\t\t\t\t\t\t<\/div>\n\t\t\t\t\t\t\t\t\t\t\t<div class=\"swiper-slide\" role=\"group\" aria-roledescription=\"slide\">\n\t\t\t\t\t\t\t\t\t<div class=\"elementor-carousel-image\" role=\"img\" aria-label=\"Rent a boat in Ibiza\" style=\"background-image: url(&#039;https:\/\/www.neverlandproperties.com\/wp-content\/uploads\/2022\/11\/Boat-Ibiza-Sunset.jpg&#039;)\">\n\n\t\t\t\n\t\t\t\t\t<\/div>\n\t\t\t\t\t\t\t\t<\/div>\n\t\t\t\t\t\t\t\t\t\t\t<div class=\"swiper-slide\" role=\"group\" aria-roledescription=\"slide\">\n\t\t\t\t\t\t\t\t\t<div class=\"elementor-carousel-image\" role=\"img\" aria-label=\"Boat rentals in Ibiza\" style=\"background-image: url(&#039;https:\/\/www.neverlandproperties.com\/wp-content\/uploads\/2023\/03\/DeAntonio-Yachts-D50-SPARTAN.jpg&#039;)\">\n\n\t\t\t\n\t\t\t\t\t<\/div>\n\t\t\t\t\t\t\t\t<\/div>\n\t\t\t\t\t\t\t\t\t<\/div>\n\t\t\t\t\t\t\t\t\t\t\t\t\t\t\t<div class=\"elementor-swiper-button elementor-swiper-button-prev\" role=\"button\" tabindex=\"0\" aria-label=\"Pr\u00e9c\u00e9dent\">\n\t\t\t\t\t\t\t<i aria-hidden=\"true\" class=\"eicon-chevron-left\"><\/i>\t\t\t\t\t\t<\/div>\n\t\t\t\t\t\t<div class=\"elementor-swiper-button elementor-swiper-button-next\" role=\"button\" tabindex=\"0\" aria-label=\"Suivant\">\n\t\t\t\t\t\t\t<i aria-hidden=\"true\" class=\"eicon-chevron-right\"><\/i>\t\t\t\t\t\t<\/div>\n\t\t\t\t\t\t\t\t\t\t\t\t\t\t\t\t<div class=\"swiper-pagination\"><\/div>\n\t\t\t\t\t\t\t\t\t\t\t\t<\/div>\n\t\t\t\t<\/div>\n\t\t\t\t\t\t\t\t<\/div>\n\t\t\t\t<\/div>\n\t\t\t\t\t<\/div>\n\t\t<\/div>\n\t\t\t\t\t<\/div>\n\t\t<\/section>\n\t\t\t\t<section class=\"elementor-section elementor-top-section elementor-element elementor-element-9a8f93d elementor-section-boxed elementor-section-height-default elementor-section-height-default\" data-id=\"9a8f93d\" data-element_type=\"section\" data-e-type=\"section\">\n\t\t\t\t\t\t<div class=\"elementor-container elementor-column-gap-default\">\n\t\t\t\t\t<div class=\"elementor-column elementor-col-100 elementor-top-column elementor-element elementor-element-a22d166\" data-id=\"a22d166\" data-element_type=\"column\" data-e-type=\"column\">\n\t\t\t<div class=\"elementor-widget-wrap\">\n\t\t\t\t\t\t\t<\/div>\n\t\t<\/div>\n\t\t\t\t\t<\/div>\n\t\t<\/section>\n\t\t\t\t<section class=\"elementor-section elementor-top-section elementor-element elementor-element-f90dfaa elementor-section-boxed elementor-section-height-default elementor-section-height-default\" data-id=\"f90dfaa\" data-element_type=\"section\" data-e-type=\"section\">\n\t\t\t\t\t\t<div class=\"elementor-container elementor-column-gap-default\">\n\t\t\t\t\t<div class=\"elementor-column elementor-col-100 elementor-top-column elementor-element elementor-element-52707d2\" data-id=\"52707d2\" data-element_type=\"column\" data-e-type=\"column\">\n\t\t\t<div class=\"elementor-widget-wrap elementor-element-populated\">\n\t\t\t\t\t\t<div class=\"elementor-element elementor-element-da3cbec elementor-widget elementor-widget-text-editor\" data-id=\"da3cbec\" data-element_type=\"widget\" data-e-type=\"widget\" data-widget_type=\"text-editor.default\">\n\t\t\t\t<div class=\"elementor-widget-container\">\n\t\t\t\t\t\t\t\t\t<h1>L&#8217;experience de Vacances Neverland<\/h1><h1>Cr\u00e9er des exp\u00e9riences de voyage personnalis\u00e9es, \u00e0 votre service 24\/7<\/h1><p>Int\u00e9ress\u00e9 par une s\u00e9ance de cin\u00e9ma priv\u00e9 dans votre villa pour voir un film de votre choix sur grand \u00e9cran? Vous cherchez des cours de natation priv\u00e9s pour vos enfants dans votre villa? Besoin d\u2019un chef priv\u00e9 pour votre \u00e9v\u00e9nement sp\u00e9cial ce soir? Ou peut-\u00eatre organiser une \u00ab Paella \u00bb pour vos proches? Ou un healing massage et de bien-\u00eatre? Nous serons plus qu\u2019heureux de vous aider \u00e0 tirer le meilleur parti de vos vacances. Les clients voyageurs ne sont limit\u00e9s que par leur imagination! De l\u2019organisation d\u2019un pr\u00e9-stockage complet du r\u00e9frig\u00e9rateur \u00e0 la r\u00e9servation de votre <a href=\"https:\/\/www.neverlandproperties.com\/fr\/location-de-bateau-et-de-yacht\/\">location de bateau<\/a> pour aller un jour \u00e0 Formentera, nous nous occupons des petites choses pour que vous n\u2019ayez pas \u00e0 le faire.<\/p><h1>Tous nos services de Conciergerie sont gratuits et inclus dans la location d&#8217;une villa de Neverland Properties.<\/h1><p>C\u2019est un plaisir pour nous de partager avec vous tous nos contacts locaux pour organiser tout service suppl\u00e9mentaire souhait\u00e9. Nous pouvons organiser vos r\u00e9servations de restaurant, r\u00e9servations de bateaux charter (y compris un suivi unique et personnel \u00e0 la marina d\u2019Ibiza), location de voiture, baby-sitting, chef priv\u00e9, ainsi que des services de transfert priv\u00e9.<\/p><h1>Nous collaborons strictement avec les soci\u00e9t\u00e9s l\u00e9gales et enregistr\u00e9es de l\u2019\u00eele.<\/h1><p>Ceci est particuli\u00e8rement important, lorsqu\u2019il s\u2019agit de votre vie priv\u00e9e, de votre s\u00e9curit\u00e9 et, bien s\u00fbr, de votre garantie de qualit\u00e9! N\u2019h\u00e9sitez pas \u00e0 demander toute r\u00e9f\u00e9rence sur nos collaboratrices et collaborateurs. Nous attendons tous avec impatience ces prochaines vacances, celles qui nous rappelleront ce qui est vraiment important : \u00eatre ensemble et profiter de la vie. Chez Neverland Properties, nous faisons toujours l&#8217;effort suppl\u00e9mentaire pour nous assurer que vous tirez le meilleur parti de vos vacances.<\/p><h1 style=\"text-align: left;\">Nous connaissons nos villas et nous connaissons notre \u00eele, et nous voulons que vous en profitiez, pour vous assurer de passer des vacances de r\u00eave \u00e0 Ibiza.<\/h1><div style=\"text-align: left;\">\u00a0<\/div><div style=\"text-align: left;\">\u00a0<\/div>\t\t\t\t\t\t\t\t<\/div>\n\t\t\t\t<\/div>\n\t\t\t\t<div class=\"elementor-element elementor-element-e4e6d02 elementor--h-position-center elementor--v-position-middle elementor-arrows-position-inside elementor-pagination-position-inside elementor-widget elementor-widget-slides\" data-id=\"e4e6d02\" data-element_type=\"widget\" data-e-type=\"widget\" data-settings=\"{&quot;navigation&quot;:&quot;both&quot;,&quot;autoplay&quot;:&quot;yes&quot;,&quot;pause_on_hover&quot;:&quot;yes&quot;,&quot;pause_on_interaction&quot;:&quot;yes&quot;,&quot;autoplay_speed&quot;:5000,&quot;infinite&quot;:&quot;yes&quot;,&quot;transition&quot;:&quot;slide&quot;,&quot;transition_speed&quot;:500}\" data-widget_type=\"slides.default\">\n\t\t\t\t<div class=\"elementor-widget-container\">\n\t\t\t\t\t\t\t\t\t<div class=\"elementor-swiper\">\n\t\t\t\t\t<div class=\"elementor-slides-wrapper elementor-main-swiper swiper\" role=\"region\" aria-roledescription=\"carousel\" aria-label=\"Slides\" dir=\"ltr\" data-animation=\"fadeInUp\">\n\t\t\t\t<div class=\"swiper-wrapper elementor-slides\">\n\t\t\t\t\t\t\t\t\t\t<div class=\"elementor-repeater-item-d694b45 swiper-slide\" role=\"group\" aria-roledescription=\"slide\"><div class=\"swiper-slide-bg\" role=\"img\" aria-label=\"Ibiza Luxury Real Estate. Luxury villa rentals with Concierge Servcies\"><\/div><div class=\"swiper-slide-inner\" ><div class=\"swiper-slide-contents\"><\/div><\/div><\/div>\t\t\t\t<\/div>\n\t\t\t\t\t\t\t<\/div>\n\t\t\t\t<\/div>\n\t\t\t\t\t\t\t\t<\/div>\n\t\t\t\t<\/div>\n\t\t\t\t\t<\/div>\n\t\t<\/div>\n\t\t\t\t\t<\/div>\n\t\t<\/section>\n\t\t\t\t<section class=\"elementor-section elementor-top-section elementor-element elementor-element-833841e elementor-section-boxed elementor-section-height-default elementor-section-height-default\" data-id=\"833841e\" data-element_type=\"section\" data-e-type=\"section\">\n\t\t\t\t\t\t<div class=\"elementor-container elementor-column-gap-default\">\n\t\t\t\t\t<div class=\"elementor-column elementor-col-100 elementor-top-column elementor-element elementor-element-334e1a3\" data-id=\"334e1a3\" data-element_type=\"column\" data-e-type=\"column\">\n\t\t\t<div class=\"elementor-widget-wrap elementor-element-populated\">\n\t\t\t\t\t\t<div class=\"elementor-element elementor-element-0f5668b elementor-widget elementor-widget-text-editor\" data-id=\"0f5668b\" data-element_type=\"widget\" data-e-type=\"widget\" data-widget_type=\"text-editor.default\">\n\t\t\t\t<div class=\"elementor-widget-container\">\n\t\t\t\t\t\t\t\t\t<h1>Experience Ev\u00e9nementielle Neverland<\/h1><h4>\u00c9v\u00e9nements d\u2019entreprise | Mariages | C\u00e9l\u00e9brations sociales<\/h4><p>Neverland Properties fournit \u00e9galement un service complet de planification d\u2019\u00e9v\u00e9nements. Les clientes internationales font appel \u00e0 nos services pour planifier, concevoir et produire leurs \u00e9v\u00e9nements sp\u00e9ciaux. De la gestion d\u2019\u00e9v\u00e9nements de plusieurs jours pour de nombreux participants \u00e0 la planification d\u2019un d\u00eener VIP pour seulement six invit\u00e9s, nous fournissons des services gagnants et valid\u00e9s, du concept \u00e0 la r\u00e9alisation. Nous nous sp\u00e9cialisons dans les \u00e9v\u00e9nements d\u2019entreprise, les mariages et les c\u00e9l\u00e9brations sociales. Nous travaillons pour respecter les budgets asign\u00e9s et offrons une r\u00e9solution cr\u00e9ative avec des ressources fiables.<\/p><h1 style=\"text-align: left;\">Nous sommes passionn\u00e9s par la cr\u00e9ation d\u2019exp\u00e9riences qui inspirent, engagent et c\u00e9l\u00e8brent la vie.<\/h1><p>\u00a0<\/p>\t\t\t\t\t\t\t\t<\/div>\n\t\t\t\t<\/div>\n\t\t\t\t\t<\/div>\n\t\t<\/div>\n\t\t\t\t\t<\/div>\n\t\t<\/section>\n\t\t\t\t<section class=\"elementor-section elementor-top-section elementor-element elementor-element-bf80e1f elementor-section-boxed elementor-section-height-default elementor-section-height-default\" data-id=\"bf80e1f\" data-element_type=\"section\" data-e-type=\"section\">\n\t\t\t\t\t\t<div class=\"elementor-container elementor-column-gap-default\">\n\t\t\t\t\t<div class=\"elementor-column elementor-col-100 elementor-top-column elementor-element elementor-element-6b600b1\" data-id=\"6b600b1\" data-element_type=\"column\" data-e-type=\"column\">\n\t\t\t<div class=\"elementor-widget-wrap elementor-element-populated\">\n\t\t\t\t\t\t<div class=\"elementor-element elementor-element-a657d09 elementor-widget elementor-widget-image\" data-id=\"a657d09\" data-element_type=\"widget\" data-e-type=\"widget\" data-widget_type=\"image.default\">\n\t\t\t\t<div class=\"elementor-widget-container\">\n\t\t\t\t\t\t\t\t\t\t\t\t\t\t\t<img fetchpriority=\"high\" decoding=\"async\" width=\"1000\" height=\"961\" src=\"https:\/\/www.neverlandproperties.com\/wp-content\/uploads\/2025\/04\/Neverland_wedding.webp\" class=\"attachment-large size-large wp-image-51054\" alt=\"Ibiza Real Estate specialized in hospitality and event planning.\" srcset=\"https:\/\/www.neverlandproperties.com\/wp-content\/uploads\/2025\/04\/Neverland_wedding.webp 1000w, https:\/\/www.neverlandproperties.com\/wp-content\/uploads\/2025\/04\/Neverland_wedding-300x288.webp 300w, https:\/\/www.neverlandproperties.com\/wp-content\/uploads\/2025\/04\/Neverland_wedding-768x738.webp 768w\" sizes=\"(max-width: 1000px) 100vw, 1000px\" \/>\t\t\t\t\t\t\t\t\t\t\t\t\t\t\t<\/div>\n\t\t\t\t<\/div>\n\t\t\t\t\t<\/div>\n\t\t<\/div>\n\t\t\t\t\t<\/div>\n\t\t<\/section>\n\t\t\t\t<\/div>\n\t\t","protected":false},"excerpt":{"rendered":"<p>Neverland Properties vous propose des locations de vacances sur mesure \u00e0 Ibiza, offrant plus d\u2019une centaine de villas et de propri\u00e9t\u00e9s personnellement s\u00e9lectionn\u00e9es et inspect\u00e9es, avec un oeil critique, en veillant \u00e0 ce que nos clients se voient offrir les meilleures options, car sur Internet et les r\u00e9seaux sociaux \u00ab Tout ce qui brille n\u2019est &#8230;<\/p>\n","protected":false},"author":1,"featured_media":0,"parent":0,"menu_order":0,"comment_status":"closed","ping_status":"closed","template":"","meta":{"_acf_changed":false,"rs_blank_template":"","rs_page_bg_color":"","slide_template_v7":"","footnotes":""},"class_list":["post-34533","page","type-page","status-publish","hentry"],"acf":[],"aioseo_notices":[],"_links":{"self":[{"href":"https:\/\/www.neverlandproperties.com\/fr\/wp-json\/wp\/v2\/pages\/34533","targetHints":{"allow":["GET"]}}],"collection":[{"href":"https:\/\/www.neverlandproperties.com\/fr\/wp-json\/wp\/v2\/pages"}],"about":[{"href":"https:\/\/www.neverlandproperties.com\/fr\/wp-json\/wp\/v2\/types\/page"}],"author":[{"embeddable":true,"href":"https:\/\/www.neverlandproperties.com\/fr\/wp-json\/wp\/v2\/users\/1"}],"replies":[{"embeddable":true,"href":"https:\/\/www.neverlandproperties.com\/fr\/wp-json\/wp\/v2\/comments?post=34533"}],"version-history":[{"count":1,"href":"https:\/\/www.neverlandproperties.com\/fr\/wp-json\/wp\/v2\/pages\/34533\/revisions"}],"predecessor-version":[{"id":63003,"href":"https:\/\/www.neverlandproperties.com\/fr\/wp-json\/wp\/v2\/pages\/34533\/revisions\/63003"}],"wp:attachment":[{"href":"https:\/\/www.neverlandproperties.com\/fr\/wp-json\/wp\/v2\/media?parent=34533"}],"curies":[{"name":"wp","href":"https:\/\/api.w.org\/{rel}","templated":true}]}}