{"id":64147,"date":"2026-02-18T15:05:03","date_gmt":"2026-02-18T14:05:03","guid":{"rendered":"https:\/\/www.neverlandproperties.com\/alquiler-villas-ibiza\/ibiza-town-villas\/"},"modified":"2026-02-19T16:38:15","modified_gmt":"2026-02-19T15:38:15","slug":"ibiza-town-villas","status":"publish","type":"page","link":"https:\/\/www.neverlandproperties.com\/es\/alquiler-villas-ibiza\/ibiza-town-villas\/","title":{"rendered":"Villas cerca de la ciudad de Ibiza (Eivissa)"},"content":{"rendered":"\t\t<div data-elementor-type=\"wp-page\" data-elementor-id=\"64147\" class=\"elementor elementor-64147 elementor-64085\" data-elementor-post-type=\"page\">\n\t\t\t\t\t\t<section class=\"elementor-section elementor-top-section elementor-element elementor-element-dc01a8c elementor-section-boxed elementor-section-height-default elementor-section-height-default\" data-id=\"dc01a8c\" data-element_type=\"section\" data-e-type=\"section\">\n\t\t\t\t\t\t<div class=\"elementor-container elementor-column-gap-default\">\n\t\t\t\t\t<div class=\"elementor-column elementor-col-100 elementor-top-column elementor-element elementor-element-34f316d\" data-id=\"34f316d\" data-element_type=\"column\" data-e-type=\"column\">\n\t\t\t<div class=\"elementor-widget-wrap elementor-element-populated\">\n\t\t\t\t\t\t<div class=\"elementor-element elementor-element-7bee97f elementor-widget elementor-widget-text-editor\" data-id=\"7bee97f\" data-element_type=\"widget\" data-e-type=\"widget\" data-widget_type=\"text-editor.default\">\n\t\t\t\t<div class=\"elementor-widget-container\">\n\t\t\t\t\t\t\t\t\t<div class=\"nv-geo-intro\"><h3>Ibiza ciudad (Eivissa) es el coraz\u00f3n hist\u00f3rico y cultural de la isla. Sus lugares m\u00e1s se\u00f1alados son Dalt Vila, el puerto, Marina Botafoch y los barrios de la Marina y los del centro m\u00e1s administrativo que permanece activos durante todo el a\u00f1o. <br \/>Alojarse en una villa cerca de la capital significa tener lo mejor de los dos mundos: la privacidad y el espacio de una propiedad privada, con los restaurantes, las galer\u00edas, la vida del puerto y el ocio nocturno de la ciudad a pocos minutos.<\/h3><h3>Las villas de nuestro portfolio en Ibiza ciudad se concentran en las zonas residenciales m\u00e1s cotizadas que rodean la capital\u00a0 como Cap Martinet, Talamanca, Jes\u00fas y Can Pep Sim\u00f3, todas con vistas al mar y f\u00e1cil acceso a la ciudad sin estar en pleno centro.<\/h3><\/div><details class=\"nv-readmore-details\" style=\"display: block; width: 100%; clear: both; margin-bottom: 20px;\"><summary style=\"margin-top: 10px; cursor: pointer; list-style: none; outline: none;\"><span style=\"color: #333399; font-weight: bold; font-size: 1.1em; letter-spacing: 0.5px; border-bottom: 1px solid #333399; padding-bottom: 2px; display: inline-block;\"><br \/>Ver m\u00e1s sobre Ibiza Town<br \/><\/span><\/summary><div class=\"nv-geo-readmore\" style=\"margin-top: 10px; overflow: hidden;\"><h4>Villa o hotel en Ibiza Town: el argumento de la villa<\/h4><p>Ibiza Town es uno de los pocos lugares de la isla donde un hotel puede competir realmente con una villa. Las opciones boutique de Dalt Vila y la Marina son excelentes. Pero para grupos, familias o cualquiera que valore una piscina privada y una terraza sobre un desayuno de hotel, una villa en las zonas residenciales circundantes es una propuesta completamente diferente. La ciudad est\u00e1 a tu disposici\u00f3n cuando quieras: a pie o en un taxi de cinco minutos, para volver despu\u00e9s a tu propia privacidad.<\/p><h4>Cap Martinet y Can Pep Sim\u00f3<\/h4><p>Las colinas inmediatamente al norte de la capital, entre la ciudad y la bah\u00eda de Talamanca, albergan algunas de las direcciones residenciales m\u00e1s exclusivas de la isla. Cap Martinet destaca por sus parcelas al borde del acantilado, sus vistas panor\u00e1micas al mar y una sensaci\u00f3n de aislamiento notable dada la proximidad al puerto. Las villas aqu\u00ed suelen ser arquitect\u00f3nicamente ambiciosas y excepcionalmente privadas.<\/p><h4>Talamanca<\/h4><p>Talamanca es la playa de la ciudad. Es una larga y tranquila bah\u00eda a la que se puede llegar a pie desde Marina Botafoch y en un agradable paseo desde el centro. El barrio residencial que la bordea tiene un ambiente de pueblo tranquilo, bien conectado pero sin la agitaci\u00f3n del centro. Para los viajeros que quieren poder ir a pie a una playa sin renunciar a los restaurantes y clubs de la ciudad, es la ubicaci\u00f3n m\u00e1s pr\u00e1ctica de este lado de la isla.<\/p><h4>Jes\u00fas<\/h4><p>El peque\u00f1o pueblo de Jes\u00fas est\u00e1 a unos cinco minutos en coche de la capital, en la carretera hacia Santa Eulalia. Tiene su propio car\u00e1cter : unos bares locales, puntos de encuentro de los residentes, una bonita iglesia con su parque infantil cerca, algunos buenos restaurantes y comercios.<\/p><h4>\u00bfQui\u00e9n se aloja aqu\u00ed?<\/h4><p>Viajeros que quieren la ciudad cerca pero no encima. Grupos que planean pasar las noches en los restaurantes y clubs de Ibiza y necesitan una base c\u00f3moda a la que regresar. Parejas que quieren la sofisticaci\u00f3n de la capital con la intimidad de una villa. Y quienes ya se han alojado en un hotel de la ciudad y buscan una experiencia diferente sin renunciar a la ubicaci\u00f3n.<\/p><h4>Reservar con Neverland<\/h4><p>Si la proximidad a la capital es una prioridad, podemos ayudarte a encontrar el equilibrio adecuado entre ubicaci\u00f3n, privacidad y presupuesto.<\/p><\/div><\/details>\t\t\t\t\t\t\t\t<\/div>\n\t\t\t\t<\/div>\n\t\t\t\t\t<\/div>\n\t\t<\/div>\n\t\t\t\t\t<\/div>\n\t\t<\/section>\n\t\t\t\t<\/div>\n\t\t","protected":false},"excerpt":{"rendered":"<p>Ibiza ciudad (Eivissa) es el coraz\u00f3n hist\u00f3rico y cultural de la isla. Sus lugares m\u00e1s se\u00f1alados son Dalt Vila, el puerto, Marina Botafoch y los barrios de la Marina y los del centro m\u00e1s administrativo que permanece activos durante todo el a\u00f1o. Alojarse en una villa cerca de la capital significa tener lo mejor de &#8230;<\/p>\n","protected":false},"author":1,"featured_media":0,"parent":34991,"menu_order":0,"comment_status":"closed","ping_status":"closed","template":"property_list.php","meta":{"_acf_changed":false,"rs_blank_template":"","rs_page_bg_color":"","slide_template_v7":"","footnotes":""},"class_list":["post-64147","page","type-page","status-publish","hentry"],"acf":[],"aioseo_notices":[],"_links":{"self":[{"href":"https:\/\/www.neverlandproperties.com\/es\/wp-json\/wp\/v2\/pages\/64147","targetHints":{"allow":["GET"]}}],"collection":[{"href":"https:\/\/www.neverlandproperties.com\/es\/wp-json\/wp\/v2\/pages"}],"about":[{"href":"https:\/\/www.neverlandproperties.com\/es\/wp-json\/wp\/v2\/types\/page"}],"author":[{"embeddable":true,"href":"https:\/\/www.neverlandproperties.com\/es\/wp-json\/wp\/v2\/users\/1"}],"replies":[{"embeddable":true,"href":"https:\/\/www.neverlandproperties.com\/es\/wp-json\/wp\/v2\/comments?post=64147"}],"version-history":[{"count":5,"href":"https:\/\/www.neverlandproperties.com\/es\/wp-json\/wp\/v2\/pages\/64147\/revisions"}],"predecessor-version":[{"id":64219,"href":"https:\/\/www.neverlandproperties.com\/es\/wp-json\/wp\/v2\/pages\/64147\/revisions\/64219"}],"up":[{"embeddable":true,"href":"https:\/\/www.neverlandproperties.com\/es\/wp-json\/wp\/v2\/pages\/34991"}],"wp:attachment":[{"href":"https:\/\/www.neverlandproperties.com\/es\/wp-json\/wp\/v2\/media?parent=64147"}],"curies":[{"name":"wp","href":"https:\/\/api.w.org\/{rel}","templated":true}]}}