{"id":64141,"date":"2026-02-18T14:40:55","date_gmt":"2026-02-18T13:40:55","guid":{"rendered":"https:\/\/www.neverlandproperties.com\/alquiler-villas-ibiza\/san-antonio-villas\/"},"modified":"2026-02-19T16:35:49","modified_gmt":"2026-02-19T15:35:49","slug":"san-antonio-villas","status":"publish","type":"page","link":"https:\/\/www.neverlandproperties.com\/es\/alquiler-villas-ibiza\/san-antonio-villas\/","title":{"rendered":"Villas en el \u00e1rea de San Antonio (Sant Antoni de Portmany)"},"content":{"rendered":"\t\t<div data-elementor-type=\"wp-page\" data-elementor-id=\"64141\" class=\"elementor elementor-64141 elementor-64069\" data-elementor-post-type=\"page\">\n\t\t\t\t\t\t<section class=\"elementor-section elementor-top-section elementor-element elementor-element-c164e30 elementor-section-boxed elementor-section-height-default elementor-section-height-default\" data-id=\"c164e30\" data-element_type=\"section\" data-e-type=\"section\">\n\t\t\t\t\t\t<div class=\"elementor-container elementor-column-gap-default\">\n\t\t\t\t\t<div class=\"elementor-column elementor-col-100 elementor-top-column elementor-element elementor-element-5ab5493\" data-id=\"5ab5493\" data-element_type=\"column\" data-e-type=\"column\">\n\t\t\t<div class=\"elementor-widget-wrap elementor-element-populated\">\n\t\t\t\t\t\t<div class=\"elementor-element elementor-element-5a26166 elementor-widget elementor-widget-text-editor\" data-id=\"5a26166\" data-element_type=\"widget\" data-e-type=\"widget\" data-widget_type=\"text-editor.default\">\n\t\t\t\t<div class=\"elementor-widget-container\">\n\t\t\t\t\t\t\t\t\t<div class=\"nv-geo-intro\"><h3>San Antonio (Sant Antoni de Portmany) se asienta en la costa oeste de Ibiza, frente a una amplia bah\u00eda que ha dado a la isla algunos de sus atardeceres m\u00e1s ic\u00f3nicos. M\u00e1s all\u00e1 del centro urbano \u2014que vive un proceso de reinvenci\u00f3n activa\u2014 el municipio ofrece un litoral de gran calidad: Cala Bassa, Cala Salada y Cala Saladeta se encuentran entre las calas m\u00e1s hermosas de la isla. En el interior, los pueblos de San Rafael y Santa In\u00e9s revelan un car\u00e1cter m\u00e1s rural y tranquilo que sorprende a muchos visitantes.<\/h3><h3>Las villas de nuestro portfolio en San Antonio est\u00e1n todas alejadas del centro urbano, en las calas, las colinas cubiertas de pinos y las carreteras del campo que hacen de esta zona el secreto mejor guardado de la costa oeste.<\/h3><\/div><details class=\"nv-readmore-details\" style=\"display: block; width: 100%; clear: both; margin-bottom: 20px;\"><summary style=\"margin-top: 10px; cursor: pointer; list-style: none; outline: none;\"><span style=\"color: #333399; font-weight: bold; font-size: 1.1em; letter-spacing: 0.5px; border-bottom: 1px solid #333399; padding-bottom: 2px; display: inline-block;\"><br \/>Ver m\u00e1s sobre San Antonio<br \/><\/span><\/summary><div class=\"nv-geo-readmore\" style=\"margin-top: 10px; overflow: hidden;\"><h4>M\u00e1s all\u00e1 de la bah\u00eda: lo que San Antonio ofrece de verdad<\/h4><p>La reputaci\u00f3n de San Antonio ha estado durante mucho tiempo ligada a su vida nocturna, pero los hu\u00e9spedes que eligen una villa aqu\u00ed descubren r\u00e1pidamente otro lado del municipio. La propia bah\u00eda es una de las m\u00e1s espectaculares de la isla \u2014amplia, orientada al oeste y bordeada de los caf\u00e9s de atardecer que dieron origen al sonido balear en los a\u00f1os 90. El Caf\u00e9 del Mar y sus vecinos siguen congregando a su p\u00fablico al caer la tarde, pero el ambiente de hoy est\u00e1 muy lejos del turismo de masa de hace dos d\u00e9cadas.<\/p><h4>El litoral<\/h4><p>Cala Bassa es la referencia: una gran cala resguardada con unas aguas de una claridad excepcional, un beach club que atrae a un p\u00fablico sofisticado y un entorno que tiene m\u00e1s de mediterr\u00e1neo aut\u00e9ntico que cualquier playa del norte. Cala Salada y Cala Saladeta, a pocos minutos en coche al norte, tienen un car\u00e1cter m\u00e1s salvaje y local: rocosas, bordeadas de pinos, llenas en agosto pero manejables en los extremos de temporada. Port des Torrent, m\u00e1s cerca del pueblo, es tranquilo y residencial, con algunas villas que ofrecen vistas al mar y f\u00e1cil acceso a las playas de la costa oeste.<\/p><h4>San Rafael y los pueblos del interior<\/h4><p>La carretera entre San Antonio y la ciudad de Ibiza pasa por San Rafael, un peque\u00f1o pueblo que ha ganado fama entre quienes conocen bien la isla. Situado a igual distancia de la capital y de la costa oeste, rodeado de campos y viejas fincas, es una base excelente para los viajeros que quieren moverse con libertad por la isla sin comprometerse con ning\u00fan extremo. M\u00e1s al norte, Santa In\u00e9s (Santa Agn\u00e8s) es uno de los pueblos m\u00e1s tradicionales de la isla \u2014almendros en flor en febrero, un bar local y carreteras que apenas ven tr\u00e1fico tur\u00edstico.<\/p><h4>\u00bfQui\u00e9n se aloja aqu\u00ed?<\/h4><p>Viajeros que priorizan los atardeceres y las playas de la costa oeste sobre la cercan\u00eda a Ibiza ciudad. Familias que buscan una base tranquila con buenas calas cerca. Grupos que quieren tener acceso a la escena nocturna de San Antonio sin estar en el centro.\u00a0<\/p><h4>Reservar con Neverland<\/h4><p>Todas nuestras villas en San Antonio est\u00e1n en las partes m\u00e1s tranquilas y residenciales del municipio. Si quieres combinar una base en la costa oeste con f\u00e1cil acceso al resto de la isla, podemos ayudarte a encontrar la opci\u00f3n adecuada.<\/p><\/div><\/details>\t\t\t\t\t\t\t\t<\/div>\n\t\t\t\t<\/div>\n\t\t\t\t\t<\/div>\n\t\t<\/div>\n\t\t\t\t\t<\/div>\n\t\t<\/section>\n\t\t\t\t<\/div>\n\t\t","protected":false},"excerpt":{"rendered":"<p>San Antonio (Sant Antoni de Portmany) se asienta en la costa oeste de Ibiza, frente a una amplia bah\u00eda que ha dado a la isla algunos de sus atardeceres m\u00e1s ic\u00f3nicos. M\u00e1s all\u00e1 del centro urbano \u2014que vive un proceso de reinvenci\u00f3n activa\u2014 el municipio ofrece un litoral de gran calidad: Cala Bassa, Cala Salada &#8230;<\/p>\n","protected":false},"author":1,"featured_media":0,"parent":34991,"menu_order":0,"comment_status":"closed","ping_status":"closed","template":"property_list.php","meta":{"_acf_changed":false,"rs_blank_template":"","rs_page_bg_color":"","slide_template_v7":"","footnotes":""},"class_list":["post-64141","page","type-page","status-publish","hentry"],"acf":[],"aioseo_notices":[],"_links":{"self":[{"href":"https:\/\/www.neverlandproperties.com\/es\/wp-json\/wp\/v2\/pages\/64141","targetHints":{"allow":["GET"]}}],"collection":[{"href":"https:\/\/www.neverlandproperties.com\/es\/wp-json\/wp\/v2\/pages"}],"about":[{"href":"https:\/\/www.neverlandproperties.com\/es\/wp-json\/wp\/v2\/types\/page"}],"author":[{"embeddable":true,"href":"https:\/\/www.neverlandproperties.com\/es\/wp-json\/wp\/v2\/users\/1"}],"replies":[{"embeddable":true,"href":"https:\/\/www.neverlandproperties.com\/es\/wp-json\/wp\/v2\/comments?post=64141"}],"version-history":[{"count":5,"href":"https:\/\/www.neverlandproperties.com\/es\/wp-json\/wp\/v2\/pages\/64141\/revisions"}],"predecessor-version":[{"id":64177,"href":"https:\/\/www.neverlandproperties.com\/es\/wp-json\/wp\/v2\/pages\/64141\/revisions\/64177"}],"up":[{"embeddable":true,"href":"https:\/\/www.neverlandproperties.com\/es\/wp-json\/wp\/v2\/pages\/34991"}],"wp:attachment":[{"href":"https:\/\/www.neverlandproperties.com\/es\/wp-json\/wp\/v2\/media?parent=64141"}],"curies":[{"name":"wp","href":"https:\/\/api.w.org\/{rel}","templated":true}]}}